{"id":895,"date":"2026-02-02T22:52:06","date_gmt":"2026-02-02T21:52:06","guid":{"rendered":"https:\/\/fcascona.ch\/?page_id=895"},"modified":"2026-02-02T22:52:16","modified_gmt":"2026-02-02T21:52:16","slug":"storia","status":"publish","type":"page","link":"https:\/\/fcascona.ch\/index.php\/la-societa\/storia\/","title":{"rendered":"Storia"},"content":{"rendered":"<div data-colibri-id=\"7-c1\" class=\"style-261 style-local-7-c1 position-relative\">\r\n  <!---->\r\n  <div data-colibri-component=\"section\" data-colibri-id=\"7-c2\" id=\"initial-content\" class=\"h-section h-section-global-spacing d-flex align-items-lg-center align-items-md-center align-items-center style-262 style-local-7-c2 position-relative\">\r\n    <!---->\r\n    <!---->\r\n    <div class=\"h-section-grid-container h-section-fluid-container\">\r\n      <!---->\r\n      <div data-colibri-id=\"7-c3\" class=\"h-row-container gutters-row-lg-2 gutters-row-md-2 gutters-row-0 gutters-row-v-lg-2 gutters-row-v-md-2 gutters-row-v-2 style-263 style-local-7-c3 position-relative\">\r\n        <!---->\r\n        <div class=\"h-row justify-content-lg-center justify-content-md-center justify-content-center align-items-lg-stretch align-items-md-stretch align-items-stretch gutters-col-lg-2 gutters-col-md-2 gutters-col-0 gutters-col-v-lg-2 gutters-col-v-md-2 gutters-col-v-2\">\r\n          <!---->\r\n          <div class=\"h-column h-column-container d-flex h-col-lg-auto h-col-md-auto h-col-auto style-264-outer style-local-7-c4-outer\">\r\n            <div data-colibri-id=\"7-c4\" class=\"d-flex h-flex-basis h-column__inner h-px-lg-2 h-px-md-2 h-px-2 v-inner-lg-2 v-inner-md-2 v-inner-2 style-264 style-local-7-c4 position-relative\">\r\n              <!---->\r\n              <!---->\r\n              <div class=\"w-100 h-y-container h-column__content h-column__v-align flex-basis-100 align-self-lg-start align-self-md-start align-self-start\">\r\n                <!---->\r\n                <div data-colibri-id=\"7-c5\" class=\"style-265 style-local-7-c5 position-relative h-element\">\r\n                  <!---->\r\n                  <div><strong>Com\u2019\u00e8 nata l\u2019idea di una societ\u00e0 calcistica ad Ascona?<\/strong> Forse non tutti sanno che gi\u00e0 nel 1920, quindi oltre mezzo secolo prima della fondazione dell\u2019attuale FC Ascona, nel borgo gi\u00e0 muoveva i suoi passi una squadra di\r\n                    calcio, regolarmente iscritta alla FTC, nominata Ascona Football Club. Scioltasi questa prima essenza di esperienza calcistica asconese, nuovamente nel 1933 fu iscr\u00ectta alla federazione cantonale una compagine che rappresentava gli\r\n                    Ascones\u00ec Giovani Calciatori, che disputava le proprie partite su un campo in zona Saleggi, propriet\u00e0 patriziale, che qualche anno pi\u00f9 tardi sarebbe stato adibito ad Aerodromo. Altro tentativo di installare lo sport del \u201cpallone\u201d ad&nbsp;\r\n                    Ascona, fu fatto nel 1947 da un gruppo di giovani del borgo, che venne per\u00f2 \u201cstoppato\u201d in seguito ad una riunione tenutasi con le autorit\u00e0 politiche del tempo, dopo che la squadra aveva gi\u00e0 disputato una dozzina di partite amichevoli\r\n                    ed ottenuto ottimi risultati. Ed ecco il tentativo andato a buon fine durante la stagione 1972\/73. Il fatto che anche un importante Comune come Ascona potesse essere rappresentato da una societ\u00e0 calcistica, quando situazioni ben pi\u00f9\r\n                    difficili a livello logistico (campi) e numero di interessali in numerosissimi altri luoghi del cantone erano gi\u00e0 state risolte, diede le energie necessarie ad un volenteroso gruppo di giovani residenti e di giovani lavoratori immigrati\r\n                    italiani. L\u2019impresa non fu facile, soprattutto per trovare chi si occupasse della conduzione della societ\u00e0. Dopo lunghe ricerche si constitu\u00ed il primo comitato.\r\n\r\n                    <strong>Si realizz\u00f2 cos\u00ec il progetto Football Club Ascona.<\/strong><\/div>\r\n                <\/div>\r\n              <\/div>\r\n            <\/div>\r\n          <\/div>\r\n        <\/div>\r\n      <\/div>\r\n    <\/div>\r\n  <\/div>\r\n<\/div>","protected":false},"excerpt":{"rendered":"<p>Com\u2019\u00e8 nata l\u2019idea di una societ\u00e0 calcistica ad Ascona? Forse non tutti sanno che gi\u00e0 nel 1920, quindi oltre mezzo secolo prima della fondazione dell\u2019attuale FC Ascona, nel borgo gi\u00e0 muoveva i suoi passi una squadra di calcio, regolarmente iscritta alla FTC, nominata Ascona Football Club. Scioltasi questa prima essenza di esperienza calcistica asconese, nuovamente [&hellip;]<\/p>\n","protected":false},"author":1,"featured_media":0,"parent":7,"menu_order":0,"comment_status":"closed","ping_status":"closed","template":"page-templates\/full-width-page.php","meta":{"footnotes":""},"class_list":["post-895","page","type-page","status-publish","hentry"],"_links":{"self":[{"href":"https:\/\/fcascona.ch\/index.php\/wp-json\/wp\/v2\/pages\/895","targetHints":{"allow":["GET"]}}],"collection":[{"href":"https:\/\/fcascona.ch\/index.php\/wp-json\/wp\/v2\/pages"}],"about":[{"href":"https:\/\/fcascona.ch\/index.php\/wp-json\/wp\/v2\/types\/page"}],"author":[{"embeddable":true,"href":"https:\/\/fcascona.ch\/index.php\/wp-json\/wp\/v2\/users\/1"}],"replies":[{"embeddable":true,"href":"https:\/\/fcascona.ch\/index.php\/wp-json\/wp\/v2\/comments?post=895"}],"version-history":[{"count":1,"href":"https:\/\/fcascona.ch\/index.php\/wp-json\/wp\/v2\/pages\/895\/revisions"}],"predecessor-version":[{"id":896,"href":"https:\/\/fcascona.ch\/index.php\/wp-json\/wp\/v2\/pages\/895\/revisions\/896"}],"up":[{"embeddable":true,"href":"https:\/\/fcascona.ch\/index.php\/wp-json\/wp\/v2\/pages\/7"}],"wp:attachment":[{"href":"https:\/\/fcascona.ch\/index.php\/wp-json\/wp\/v2\/media?parent=895"}],"curies":[{"name":"wp","href":"https:\/\/api.w.org\/{rel}","templated":true}]}}